{"id":30,"date":"2022-03-03T09:44:44","date_gmt":"2022-03-03T12:44:44","guid":{"rendered":"https:\/\/www.jardimdaspalmeiras.com\/?page_id=30"},"modified":"2022-03-28T11:04:46","modified_gmt":"2022-03-28T14:04:46","slug":"quem-somos","status":"publish","type":"page","link":"https:\/\/www.jardimdaspalmeiras.com\/?page_id=30","title":{"rendered":"Quem Somos"},"content":{"rendered":"<p>[et_pb_section fb_built=&#8221;1&#8243; _builder_version=&#8221;4.15.1&#8243; _module_preset=&#8221;default&#8221; background_enable_color=&#8221;off&#8221; background_image=&#8221;https:\/\/www.jardimdaspalmeiras.com\/wp-content\/uploads\/2022\/03\/bg.png&#8221; background_size=&#8221;custom&#8221; background_image_width=&#8221;15%&#8221; background_position=&#8221;center_right&#8221; min_height=&#8221;200px&#8221; max_height=&#8221;200px&#8221; custom_padding=&#8221;45px||45px||true|&#8221; box_shadow_style=&#8221;preset1&#8243; box_shadow_vertical=&#8221;0px&#8221; box_shadow_blur=&#8221;1px&#8221; collapsed=&#8221;on&#8221; global_colors_info=&#8221;{}&#8221;][et_pb_row _builder_version=&#8221;4.15&#8243; _module_preset=&#8221;default&#8221; width_tablet=&#8221;&#8221; width_phone=&#8221;95%&#8221; width_last_edited=&#8221;on|phone&#8221; custom_padding=&#8221;0px||0px||true|false&#8221; global_colors_info=&#8221;{}&#8221;][et_pb_column type=&#8221;4_4&#8243; _builder_version=&#8221;4.15&#8243; _module_preset=&#8221;default&#8221; global_colors_info=&#8221;{}&#8221;][et_pb_text _builder_version=&#8221;4.15&#8243; _module_preset=&#8221;default&#8221; header_font=&#8221;|300||on|||||&#8221; header_font_size=&#8221;75px&#8221; custom_margin=&#8221;0px||0px||true|false&#8221; custom_padding=&#8221;0px||0px||true|false&#8221; header_font_size_tablet=&#8221;75px&#8221; header_font_size_phone=&#8221;65px&#8221; header_font_size_last_edited=&#8221;on|phone&#8221; global_colors_info=&#8221;{}&#8221;]<\/p>\n<h1>Quem Somos<\/h1>\n<p>[\/et_pb_text][et_pb_text _builder_version=&#8221;4.15.1&#8243; _module_preset=&#8221;default&#8221; text_font=&#8221;|300||on|||||&#8221; text_text_color=&#8221;rgba(119,188,160,0.5)&#8221; text_font_size=&#8221;20px&#8221; text_letter_spacing=&#8221;5px&#8221; text_line_height=&#8221;1em&#8221; global_colors_info=&#8221;{}&#8221;]<\/p>\n<p><a href=\"https:\/\/www.jardimdaspalmeiras.com\/\">Home<\/a> &gt; <a href=\"https:\/\/www.jardimdaspalmeiras.com\/quem-somos\/\">Quem Somos<\/a><\/p>\n<p>[\/et_pb_text][\/et_pb_column][\/et_pb_row][\/et_pb_section][et_pb_section fb_built=&#8221;1&#8243; custom_padding_last_edited=&#8221;on|phone&#8221; _builder_version=&#8221;4.15&#8243; _module_preset=&#8221;default&#8221; custom_padding=&#8221;100px||100px||true|&#8221; custom_padding_tablet=&#8221;100px||100px||true|&#8221; custom_padding_phone=&#8221;50px||50px||true|false&#8221; collapsed=&#8221;on&#8221; global_colors_info=&#8221;{}&#8221;][et_pb_row _builder_version=&#8221;4.15&#8243; _module_preset=&#8221;default&#8221; width_tablet=&#8221;&#8221; width_phone=&#8221;95%&#8221; width_last_edited=&#8221;on|phone&#8221; custom_margin=&#8221;0px||0px||true|false&#8221; custom_padding=&#8221;0px||0px||true|false&#8221; global_colors_info=&#8221;{}&#8221;][et_pb_column type=&#8221;4_4&#8243; _builder_version=&#8221;4.15&#8243; _module_preset=&#8221;default&#8221; global_colors_info=&#8221;{}&#8221;][et_pb_video src=&#8221;https:\/\/www.youtube.com\/watch?v=wrdeQ_yWzLM&#038;ab_channel=JardimdasPameiras&#8221; _builder_version=&#8221;4.15&#8243; _module_preset=&#8221;default&#8221; custom_margin=&#8221;0px||0px||true|false&#8221; custom_padding=&#8221;0px||0px||true|false&#8221; global_colors_info=&#8221;{}&#8221;][\/et_pb_video][et_pb_text _builder_version=&#8221;4.15&#8243; _module_preset=&#8221;default&#8221; text_font=&#8221;|300||on|||||&#8221; text_font_size=&#8221;20px&#8221; text_letter_spacing=&#8221;5px&#8221; text_line_height=&#8221;2em&#8221; text_orientation=&#8221;center&#8221; global_colors_info=&#8221;{}&#8221;]<\/p>\n<p>Aperte o <strong>play<\/strong> e confira.<\/p>\n<p>[\/et_pb_text][\/et_pb_column][\/et_pb_row][et_pb_row _builder_version=&#8221;4.15&#8243; _module_preset=&#8221;default&#8221; width_tablet=&#8221;&#8221; width_phone=&#8221;95%&#8221; width_last_edited=&#8221;on|phone&#8221; max_width=&#8221;1101px&#8221; custom_margin=&#8221;50px||||false|false&#8221; custom_padding=&#8221;0px||0px||true|false&#8221; global_colors_info=&#8221;{}&#8221;][et_pb_column type=&#8221;4_4&#8243; _builder_version=&#8221;4.15&#8243; _module_preset=&#8221;default&#8221; global_colors_info=&#8221;{}&#8221;][et_pb_text _builder_version=&#8221;4.15&#8243; _module_preset=&#8221;default&#8221; header_2_font=&#8221;|600||on|||||&#8221; header_2_text_align=&#8221;center&#8221; header_2_font_size=&#8221;50px&#8221; header_2_letter_spacing=&#8221;25px&#8221; custom_margin=&#8221;0px||25px||false|false&#8221; header_2_font_size_tablet=&#8221;50px&#8221; header_2_font_size_phone=&#8221;45px&#8221; header_2_font_size_last_edited=&#8221;on|phone&#8221; header_2_letter_spacing_tablet=&#8221;25px&#8221; header_2_letter_spacing_phone=&#8221;5px&#8221; header_2_letter_spacing_last_edited=&#8221;on|phone&#8221; global_colors_info=&#8221;{}&#8221;]<\/p>\n<h2>O Residencial<\/h2>\n<p>[\/et_pb_text][et_pb_text _builder_version=&#8221;4.15.1&#8243; _module_preset=&#8221;default&#8221; text_font=&#8221;||||||||&#8221; text_font_size=&#8221;23px&#8221; text_line_height=&#8221;2em&#8221; text_orientation=&#8221;justified&#8221; global_colors_info=&#8221;{}&#8221;]<\/p>\n<p>Somos o Residencial Jardim das Palmeiras, um lar para idosos, com mais de 22 anos de experi\u00eancia no ramo. Temos uma equipe formada por m\u00e9dicos, nutricionistas, enfermeiras, auxiliares de enfermagem e cuidadores de idosos, que recebem treinamento pelos profissionais envolvidos na casa. O Residencial \u00e9 monitorado por c\u00e2meras de vigil\u00e2ncia, todo ele em ambiente t\u00e9rreo, claro e arejado, tendo um grande jardim florido convidativo aos banhos de sol. Desta forma, estamos preparados para cuidar de idosos que precisam de atendimento profissional, tais como: Idade avan\u00e7ada; Doen\u00e7as degenerativas; Doen\u00e7a de Parkinson; Doen\u00e7a de Alzheimer; AVC; ou aqueles que precisam apenas de aux\u00edlio para alimenta\u00e7\u00e3o, higiene pessoal, locomo\u00e7\u00e3o, acompanhamento m\u00e9dico e recupera\u00e7\u00e3o p\u00f3s-operat\u00f3rio.<\/p>\n<p>Nossa busca \u00e9 constante para proporcionar uma sensa\u00e7\u00e3o de casa de v\u00f3, aconchegante e sempre dispon\u00edvel.<\/p>\n<p>[\/et_pb_text][et_pb_text _builder_version=&#8221;4.15&#8243; _module_preset=&#8221;default&#8221; header_2_font=&#8221;|600||on|||||&#8221; header_2_text_align=&#8221;center&#8221; header_2_font_size=&#8221;50px&#8221; header_2_letter_spacing=&#8221;25px&#8221; custom_margin=&#8221;0px||25px||false|false&#8221; header_2_font_size_tablet=&#8221;50px&#8221; header_2_font_size_phone=&#8221;40px&#8221; header_2_font_size_last_edited=&#8221;on|phone&#8221; header_2_letter_spacing_tablet=&#8221;25px&#8221; header_2_letter_spacing_phone=&#8221;5px&#8221; header_2_letter_spacing_last_edited=&#8221;on|phone&#8221; global_colors_info=&#8221;{}&#8221;]<\/p>\n<h2>Nossa Hist\u00f3ria<\/h2>\n<p>[\/et_pb_text][et_pb_text _builder_version=&#8221;4.15&#8243; _module_preset=&#8221;default&#8221; text_font=&#8221;||||||||&#8221; text_font_size=&#8221;23px&#8221; text_line_height=&#8221;2em&#8221; text_orientation=&#8221;justified&#8221; global_colors_info=&#8221;{}&#8221;]<\/p>\n<p>O ato de cuidar sempre esteve presente na minha vida, mas nem sempre foi claro pra mim. Somente depois de muito tempo como Mantenedora do Residencial percebi que a minha aptid\u00e3o de cuidar, na verdade, est\u00e1 comigo desde a minha inf\u00e2ncia. Quando crian\u00e7a, minha m\u00e3e, meu irm\u00e3o e eu, tivemos que unir for\u00e7as por uma \u00fanica causa: cuidar do meu pai que com 40 anos apresentou um problema de mem\u00f3ria. Desde ent\u00e3o assumimos (eu e meu irm\u00e3o) algumas responsabilidades al\u00e9m da nossa maturidade.<\/p>\n<p>Em uma outra fase, minha adolesc\u00eancia, presenciei meus familiares com dificuldades para cuidar de um familiar que estava em coma. Inicialmente foi necess\u00e1rio o servi\u00e7o de Home Care, mas eles tiveram problemas com as mudan\u00e7as da rotina dentro da casa e ent\u00e3o decidiram procurar por uma casa de repouso, que n\u00e3o atendeu \u00e0s expectativas de cuidados esperados por eles.<\/p>\n<p>Depois de formada, atendi muito como Nutricionista em Home Care e voltei a presenciar dificuldades de outras fam\u00edlias para os cuidados especiais, inclusive com idosos. Desta necessidade nasceu a oportunidade de abrir um residencial para idosos.<\/p>\n<p>As experi\u00eancias que vivi, foram marcantes para que eu, junto com meu irm\u00e3o, constru\u00edsse o Residencial Jardim das Palmeiras, que \u00e9 a realiza\u00e7\u00e3o da vontade de cuidar de idosos visando atender \u00e0s expectativas do residente e de seus familiares.<\/p>\n<p>Se voc\u00ea se identificou um pouco com a minha hist\u00f3ria, me coloco \u00e0 disposi\u00e7\u00e3o para tirar as suas d\u00favidas em rela\u00e7\u00e3o aos nossos servi\u00e7os, orientar para melhorar a qualidade de vida de quem precisa e da sua tamb\u00e9m. Temos unidades em S\u00e3o Paulo e S\u00e3o Jos\u00e9 dos Campos.<\/p>\n<p>[\/et_pb_text][\/et_pb_column][\/et_pb_row][\/et_pb_section][et_pb_section fb_built=&#8221;1&#8243; _builder_version=&#8221;4.15.1&#8243; _module_preset=&#8221;default&#8221; use_background_color_gradient=&#8221;on&#8221; background_color_gradient_start=&#8221;#95c6a0&#8243; background_color_gradient_end=&#8221;#77bca0&#8243; background_color_gradient_direction=&#8221;90deg&#8221; custom_padding=&#8221;50px||50px||true|false&#8221; global_module=&#8221;416&#8243; saved_tabs=&#8221;all&#8221; global_colors_info=&#8221;{}&#8221;][et_pb_row column_structure=&#8221;3_4,1_4&#8243; _builder_version=&#8221;4.15.1&#8243; _module_preset=&#8221;default&#8221; width_tablet=&#8221;&#8221; width_phone=&#8221;95%&#8221; width_last_edited=&#8221;on|phone&#8221; custom_padding=&#8221;0px||0px||true|false&#8221; global_colors_info=&#8221;{}&#8221;][et_pb_column type=&#8221;3_4&#8243; _builder_version=&#8221;4.15.1&#8243; _module_preset=&#8221;default&#8221; global_colors_info=&#8221;{}&#8221;][et_pb_text _builder_version=&#8221;4.15.1&#8243; _module_preset=&#8221;default&#8221; text_font=&#8221;|800||on|||||&#8221; text_text_color=&#8221;#FFFFFF&#8221; text_font_size=&#8221;45px&#8221; text_line_height=&#8221;1em&#8221; custom_margin=&#8221;5px||||false|false&#8221; text_orientation_tablet=&#8221;&#8221; text_orientation_phone=&#8221;center&#8221; text_orientation_last_edited=&#8221;on|phone&#8221; global_colors_info=&#8221;{}&#8221;]<\/p>\n<p>fale conosco<\/p>\n<p>[\/et_pb_text][\/et_pb_column][et_pb_column type=&#8221;1_4&#8243; _builder_version=&#8221;4.15.1&#8243; _module_preset=&#8221;default&#8221; global_colors_info=&#8221;{}&#8221;][et_pb_button button_url=&#8221;https:\/\/www.jardimdaspalmeiras.com\/#fale-conosco&#8221; button_text=&#8221;Clique aqui&#8221; button_alignment=&#8221;center&#8221; _builder_version=&#8221;4.15.1&#8243; _module_preset=&#8221;default&#8221; custom_button=&#8221;on&#8221; button_text_color=&#8221;#77BCA0&#8243; button_bg_color=&#8221;#FFFFFF&#8221; button_border_color=&#8221;#FFFFFF&#8221; button_font=&#8221;|700||on|||||&#8221; button_use_icon=&#8221;off&#8221; custom_padding=&#8221;10px|50px|10px|50px|true|true&#8221; global_colors_info=&#8221;{}&#8221;][\/et_pb_button][\/et_pb_column][\/et_pb_row][\/et_pb_section]<\/p>\n","protected":false},"excerpt":{"rendered":"<p>Quem SomosHome &gt; Quem SomosAperte o play e confira.O ResidencialSomos o Residencial Jardim das Palmeiras, um lar para idosos, com mais de 22 anos de experi\u00eancia no ramo. Temos uma equipe formada por m\u00e9dicos, nutricionistas, enfermeiras, auxiliares de enfermagem e cuidadores de idosos, que recebem treinamento pelos profissionais envolvidos na casa. O Residencial \u00e9 monitorado [&hellip;]<\/p>\n","protected":false},"author":1,"featured_media":18,"parent":0,"menu_order":0,"comment_status":"closed","ping_status":"closed","template":"","meta":{"_et_pb_use_builder":"on","_et_pb_old_content":"<!-- wp:divi\/placeholder \/-->","_et_gb_content_width":"","footnotes":""},"class_list":["post-30","page","type-page","status-publish","has-post-thumbnail","hentry"],"yoast_head":"<!-- This site is optimized with the Yoast SEO plugin v27.4 - https:\/\/yoast.com\/product\/yoast-seo-wordpress\/ -->\n<title>Quem Somos | Jardim das Palmeiras<\/title>\n<meta name=\"description\" content=\"Somos o Residencial Jardim das Palmeiras, um lar para idosos, com mais de 15 anos de experi\u00eancia no ramo.\" \/>\n<meta name=\"robots\" content=\"index, follow, max-snippet:-1, max-image-preview:large, max-video-preview:-1\" \/>\n<link rel=\"canonical\" href=\"https:\/\/www.jardimdaspalmeiras.com\/?page_id=30\" \/>\n<meta property=\"og:locale\" content=\"pt_BR\" \/>\n<meta property=\"og:type\" content=\"article\" \/>\n<meta property=\"og:title\" content=\"Quem Somos | Jardim das Palmeiras\" \/>\n<meta property=\"og:description\" content=\"Somos o Residencial Jardim das Palmeiras, um lar para idosos, com mais de 15 anos de experi\u00eancia no ramo.\" \/>\n<meta property=\"og:url\" content=\"https:\/\/www.jardimdaspalmeiras.com\/?page_id=30\" \/>\n<meta property=\"og:site_name\" content=\"Jardim das Palmeiras\" \/>\n<meta property=\"article:modified_time\" content=\"2022-03-28T14:04:46+00:00\" \/>\n<meta property=\"og:image\" content=\"https:\/\/www.jardimdaspalmeiras.com\/wp-content\/uploads\/2022\/03\/imagem-destaque.jpg\" \/>\n\t<meta property=\"og:image:width\" content=\"1000\" \/>\n\t<meta property=\"og:image:height\" content=\"1000\" \/>\n\t<meta property=\"og:image:type\" content=\"image\/jpeg\" \/>\n<meta name=\"twitter:card\" content=\"summary_large_image\" \/>\n<meta name=\"twitter:label1\" content=\"Est. tempo de leitura\" \/>\n\t<meta name=\"twitter:data1\" content=\"6 minutos\" \/>\n<script type=\"application\/ld+json\" class=\"yoast-schema-graph\">{\"@context\":\"https:\\\/\\\/schema.org\",\"@graph\":[{\"@type\":\"WebPage\",\"@id\":\"https:\\\/\\\/www.jardimdaspalmeiras.com\\\/?page_id=30\",\"url\":\"https:\\\/\\\/www.jardimdaspalmeiras.com\\\/?page_id=30\",\"name\":\"Quem Somos | Jardim das Palmeiras\",\"isPartOf\":{\"@id\":\"https:\\\/\\\/www.jardimdaspalmeiras.com\\\/#website\"},\"primaryImageOfPage\":{\"@id\":\"https:\\\/\\\/www.jardimdaspalmeiras.com\\\/?page_id=30#primaryimage\"},\"image\":{\"@id\":\"https:\\\/\\\/www.jardimdaspalmeiras.com\\\/?page_id=30#primaryimage\"},\"thumbnailUrl\":\"https:\\\/\\\/www.jardimdaspalmeiras.com\\\/wp-content\\\/uploads\\\/2022\\\/03\\\/imagem-destaque.jpg\",\"datePublished\":\"2022-03-03T12:44:44+00:00\",\"dateModified\":\"2022-03-28T14:04:46+00:00\",\"description\":\"Somos o Residencial Jardim das Palmeiras, um lar para idosos, com mais de 15 anos de experi\u00eancia no ramo.\",\"breadcrumb\":{\"@id\":\"https:\\\/\\\/www.jardimdaspalmeiras.com\\\/?page_id=30#breadcrumb\"},\"inLanguage\":\"pt-BR\",\"potentialAction\":[{\"@type\":\"ReadAction\",\"target\":[\"https:\\\/\\\/www.jardimdaspalmeiras.com\\\/?page_id=30\"]}]},{\"@type\":\"ImageObject\",\"inLanguage\":\"pt-BR\",\"@id\":\"https:\\\/\\\/www.jardimdaspalmeiras.com\\\/?page_id=30#primaryimage\",\"url\":\"https:\\\/\\\/www.jardimdaspalmeiras.com\\\/wp-content\\\/uploads\\\/2022\\\/03\\\/imagem-destaque.jpg\",\"contentUrl\":\"https:\\\/\\\/www.jardimdaspalmeiras.com\\\/wp-content\\\/uploads\\\/2022\\\/03\\\/imagem-destaque.jpg\",\"width\":1000,\"height\":1000},{\"@type\":\"BreadcrumbList\",\"@id\":\"https:\\\/\\\/www.jardimdaspalmeiras.com\\\/?page_id=30#breadcrumb\",\"itemListElement\":[{\"@type\":\"ListItem\",\"position\":1,\"name\":\"In\u00edcio\",\"item\":\"https:\\\/\\\/www.jardimdaspalmeiras.com\\\/\"},{\"@type\":\"ListItem\",\"position\":2,\"name\":\"Quem Somos\"}]},{\"@type\":\"WebSite\",\"@id\":\"https:\\\/\\\/www.jardimdaspalmeiras.com\\\/#website\",\"url\":\"https:\\\/\\\/www.jardimdaspalmeiras.com\\\/\",\"name\":\"Jardim das Palmeiras\",\"description\":\"Residencial para Idosos\",\"potentialAction\":[{\"@type\":\"SearchAction\",\"target\":{\"@type\":\"EntryPoint\",\"urlTemplate\":\"https:\\\/\\\/www.jardimdaspalmeiras.com\\\/?s={search_term_string}\"},\"query-input\":{\"@type\":\"PropertyValueSpecification\",\"valueRequired\":true,\"valueName\":\"search_term_string\"}}],\"inLanguage\":\"pt-BR\"}]}<\/script>\n<!-- \/ Yoast SEO plugin. -->","yoast_head_json":{"title":"Quem Somos | Jardim das Palmeiras","description":"Somos o Residencial Jardim das Palmeiras, um lar para idosos, com mais de 15 anos de experi\u00eancia no ramo.","robots":{"index":"index","follow":"follow","max-snippet":"max-snippet:-1","max-image-preview":"max-image-preview:large","max-video-preview":"max-video-preview:-1"},"canonical":"https:\/\/www.jardimdaspalmeiras.com\/?page_id=30","og_locale":"pt_BR","og_type":"article","og_title":"Quem Somos | Jardim das Palmeiras","og_description":"Somos o Residencial Jardim das Palmeiras, um lar para idosos, com mais de 15 anos de experi\u00eancia no ramo.","og_url":"https:\/\/www.jardimdaspalmeiras.com\/?page_id=30","og_site_name":"Jardim das Palmeiras","article_modified_time":"2022-03-28T14:04:46+00:00","og_image":[{"width":1000,"height":1000,"url":"https:\/\/www.jardimdaspalmeiras.com\/wp-content\/uploads\/2022\/03\/imagem-destaque.jpg","type":"image\/jpeg"}],"twitter_card":"summary_large_image","twitter_misc":{"Est. tempo de leitura":"6 minutos"},"schema":{"@context":"https:\/\/schema.org","@graph":[{"@type":"WebPage","@id":"https:\/\/www.jardimdaspalmeiras.com\/?page_id=30","url":"https:\/\/www.jardimdaspalmeiras.com\/?page_id=30","name":"Quem Somos | Jardim das Palmeiras","isPartOf":{"@id":"https:\/\/www.jardimdaspalmeiras.com\/#website"},"primaryImageOfPage":{"@id":"https:\/\/www.jardimdaspalmeiras.com\/?page_id=30#primaryimage"},"image":{"@id":"https:\/\/www.jardimdaspalmeiras.com\/?page_id=30#primaryimage"},"thumbnailUrl":"https:\/\/www.jardimdaspalmeiras.com\/wp-content\/uploads\/2022\/03\/imagem-destaque.jpg","datePublished":"2022-03-03T12:44:44+00:00","dateModified":"2022-03-28T14:04:46+00:00","description":"Somos o Residencial Jardim das Palmeiras, um lar para idosos, com mais de 15 anos de experi\u00eancia no ramo.","breadcrumb":{"@id":"https:\/\/www.jardimdaspalmeiras.com\/?page_id=30#breadcrumb"},"inLanguage":"pt-BR","potentialAction":[{"@type":"ReadAction","target":["https:\/\/www.jardimdaspalmeiras.com\/?page_id=30"]}]},{"@type":"ImageObject","inLanguage":"pt-BR","@id":"https:\/\/www.jardimdaspalmeiras.com\/?page_id=30#primaryimage","url":"https:\/\/www.jardimdaspalmeiras.com\/wp-content\/uploads\/2022\/03\/imagem-destaque.jpg","contentUrl":"https:\/\/www.jardimdaspalmeiras.com\/wp-content\/uploads\/2022\/03\/imagem-destaque.jpg","width":1000,"height":1000},{"@type":"BreadcrumbList","@id":"https:\/\/www.jardimdaspalmeiras.com\/?page_id=30#breadcrumb","itemListElement":[{"@type":"ListItem","position":1,"name":"In\u00edcio","item":"https:\/\/www.jardimdaspalmeiras.com\/"},{"@type":"ListItem","position":2,"name":"Quem Somos"}]},{"@type":"WebSite","@id":"https:\/\/www.jardimdaspalmeiras.com\/#website","url":"https:\/\/www.jardimdaspalmeiras.com\/","name":"Jardim das Palmeiras","description":"Residencial para Idosos","potentialAction":[{"@type":"SearchAction","target":{"@type":"EntryPoint","urlTemplate":"https:\/\/www.jardimdaspalmeiras.com\/?s={search_term_string}"},"query-input":{"@type":"PropertyValueSpecification","valueRequired":true,"valueName":"search_term_string"}}],"inLanguage":"pt-BR"}]}},"_links":{"self":[{"href":"https:\/\/www.jardimdaspalmeiras.com\/index.php?rest_route=\/wp\/v2\/pages\/30","targetHints":{"allow":["GET"]}}],"collection":[{"href":"https:\/\/www.jardimdaspalmeiras.com\/index.php?rest_route=\/wp\/v2\/pages"}],"about":[{"href":"https:\/\/www.jardimdaspalmeiras.com\/index.php?rest_route=\/wp\/v2\/types\/page"}],"author":[{"embeddable":true,"href":"https:\/\/www.jardimdaspalmeiras.com\/index.php?rest_route=\/wp\/v2\/users\/1"}],"replies":[{"embeddable":true,"href":"https:\/\/www.jardimdaspalmeiras.com\/index.php?rest_route=%2Fwp%2Fv2%2Fcomments&post=30"}],"version-history":[{"count":15,"href":"https:\/\/www.jardimdaspalmeiras.com\/index.php?rest_route=\/wp\/v2\/pages\/30\/revisions"}],"predecessor-version":[{"id":478,"href":"https:\/\/www.jardimdaspalmeiras.com\/index.php?rest_route=\/wp\/v2\/pages\/30\/revisions\/478"}],"wp:featuredmedia":[{"embeddable":true,"href":"https:\/\/www.jardimdaspalmeiras.com\/index.php?rest_route=\/wp\/v2\/media\/18"}],"wp:attachment":[{"href":"https:\/\/www.jardimdaspalmeiras.com\/index.php?rest_route=%2Fwp%2Fv2%2Fmedia&parent=30"}],"curies":[{"name":"wp","href":"https:\/\/api.w.org\/{rel}","templated":true}]}}